{"id":64889,"date":"2023-10-05T08:00:25","date_gmt":"2023-10-04T23:00:25","guid":{"rendered":"https:\/\/dokidoki-dvd.com\/dokidoki\/wp\/product\/%e3%80%90%e3%83%a2%e3%82%b6%e3%82%a4%e3%82%af%e6%92%83%e7%a0%b4%e3%80%91cp-02554%e3%80%8a%e7%80%ac%e4%b9%83%e3%81%bf%e3%81%aa%e3%81%bf%e3%80%8b\/"},"modified":"2023-10-05T08:00:25","modified_gmt":"2023-10-04T23:00:25","slug":"%e3%80%90%e3%83%a2%e3%82%b6%e3%82%a4%e3%82%af%e6%92%83%e7%a0%b4%e3%80%91cp-02554%e3%80%8a%e7%80%ac%e4%b9%83%e3%81%bf%e3%81%aa%e3%81%bf%e3%80%8b","status":"publish","type":"product","link":"https:\/\/dokidoki-dvd.com\/dokidoki\/wp\/product\/%e3%80%90%e3%83%a2%e3%82%b6%e3%82%a4%e3%82%af%e6%92%83%e7%a0%b4%e3%80%91cp-02554%e3%80%8a%e7%80%ac%e4%b9%83%e3%81%bf%e3%81%aa%e3%81%bf%e3%80%8b\/","title":{"rendered":"\u3010\u30e2\u30b6\u30a4\u30af\u6483\u7834\u3011CP-02554\u300a\u702c\u4e43\u307f\u306a\u307f\u300b"},"content":{"rendered":"<p>\u540c\u50da\u306e\u5f7c\u3068\u7d50\u5a5a\u2026\u5e78\u305b\u306b\u306a\u308b\u306f\u305a\u3060\u3063\u305f\u306e\u306b\u2026\u4ed8\u304d\u5408\u3063\u3066\u3044\u305f\u904e\u53bb\u3092\u6d88\u3057\u305f\u3044\u307b\u3069\u3001\u6d88\u3048\u306a\u3044\u5fc3\u306e\u50b7\u3092\u8ca0\u308f\u305b\u305f\u3042\u306e\u4eba\u3068\u306e\u51fa\u5f35\u3092\u547d\u3058\u3089\u308c\u308b\u3002\u5bbf\u6cca\u5148\u306e\u30db\u30c6\u30eb\u3067\u5a9a\u85ac\u3092\u98f2\u307e\u3055\u308c\u6700\u60aa\u306a\u904e\u53bb\u304c\u8607\u308b\u3002\u300c\u5f7c\u304c\u5f85\u3063\u3066\u3044\u308b\u306e\u306b\u2026\u3067\u3082\u2026\u3053\u3093\u306a\u30e4\u30d0\u30a4\u306e\u4e45\u3057\u3076\u308a\u2026\u300d\u77e5\u308a\u5c3d\u304f\u3055\u308c\u3066\u305f\u30ab\u30e9\u30c0\u306b\u982d\u304c\u771f\u3063\u767d\u306b\u306a\u3063\u3066\u3044\u304d\u2026\u5168\u3066\u304c\u5d29\u308c\u59cb\u3081\u3066\u3044\u304f\u2026\u3002\u3010\u4f5c\u54c1\u60c5\u5831\u3011\u30e1\u30fc\u30ab\u30fc\uff1a\u30e2\u30b6\u30a4\u30af\u6483\u7834\u3001\u914d\u4fe1\u65e5\uff1a2023\/05\/25\u3001\u518d\u751f\u6642\u9593\uff1a115\u5206<\/p>\n","protected":false},"excerpt":{"rendered":"<p>\u30ad\u30e1\u30bb\u30af\u76f8\u90e8\u5c4bNTR \u5927\u5acc\u3044\u3067\u6700\u4f4e\u6700\u60aa\u306a\u7d76\u502b\u5143\u30ab\u30ec\u306b\u2026\u5a9a\u85ac\u3092\u98f2\u307e\u3055\u308c\u2026\u00d7\u00d7\u00d7\u3002 \u702c\u4e43\u307f\u306a\u307f<\/p>\n","protected":false},"featured_media":64888,"template":"","meta":[],"product_brand":[],"product_cat":[3115,2843],"product_tag":[2846,3131,31,3270,522,6612,1744,6620,2392,6621,2747,2815,2845],"class_list":{"0":"post-64889","1":"product","2":"type-product","3":"status-publish","4":"has-post-thumbnail","6":"product_cat-3115","7":"product_cat-2843","8":"product_tag-cp","9":"product_tag-3131","10":"product_tag-31","11":"product_tag-3270","12":"product_tag-sod","13":"product_tag-2028-10-05","14":"product_tag-1744","15":"product_tag-6620","16":"product_tag-2392","17":"product_tag-ntr","18":"product_tag-2747","20":"product_tag-2845","22":"first","23":"instock","24":"shipping-taxable","25":"purchasable","26":"product-type-simple"},"aioseo_notices":[],"_links":{"self":[{"href":"https:\/\/dokidoki-dvd.com\/dokidoki\/wp\/wp-json\/wp\/v2\/product\/64889","targetHints":{"allow":["GET"]}}],"collection":[{"href":"https:\/\/dokidoki-dvd.com\/dokidoki\/wp\/wp-json\/wp\/v2\/product"}],"about":[{"href":"https:\/\/dokidoki-dvd.com\/dokidoki\/wp\/wp-json\/wp\/v2\/types\/product"}],"wp:featuredmedia":[{"embeddable":true,"href":"https:\/\/dokidoki-dvd.com\/dokidoki\/wp\/wp-json\/wp\/v2\/media\/64888"}],"wp:attachment":[{"href":"https:\/\/dokidoki-dvd.com\/dokidoki\/wp\/wp-json\/wp\/v2\/media?parent=64889"}],"wp:term":[{"taxonomy":"product_brand","embeddable":true,"href":"https:\/\/dokidoki-dvd.com\/dokidoki\/wp\/wp-json\/wp\/v2\/product_brand?post=64889"},{"taxonomy":"product_cat","embeddable":true,"href":"https:\/\/dokidoki-dvd.com\/dokidoki\/wp\/wp-json\/wp\/v2\/product_cat?post=64889"},{"taxonomy":"product_tag","embeddable":true,"href":"https:\/\/dokidoki-dvd.com\/dokidoki\/wp\/wp-json\/wp\/v2\/product_tag?post=64889"}],"curies":[{"name":"wp","href":"https:\/\/api.w.org\/{rel}","templated":true}]}}